{"id":303,"date":"2021-08-23T09:58:50","date_gmt":"2021-08-23T09:58:50","guid":{"rendered":"https:\/\/przedmiescieolawskie.pl\/?page_id=303"},"modified":"2023-04-04T12:02:03","modified_gmt":"2023-04-04T11:02:03","slug":"303-2","status":"publish","type":"page","link":"https:\/\/przedmiescieolawskie.pl\/","title":{"rendered":""},"content":{"rendered":"\n<h4 class=\"wp-block-heading has-text-align-center has-palette-color-4-color has-text-color has-medium-font-size\">Wyj\u0105tkowe miejsce na mapie miasta.<br>Osiedle pe\u0142ne kontrast\u00f3w, z bogat\u0105 histori\u0105 i per\u0142ami architektury.<br>Pomimo tego, \u017ce wci\u0105\u017c jest tutaj wiele do zrobienia, Przedmie\u015bcie O\u0142awskie nieustannie magnetyzuje swoj\u0105 r\u00f3\u017cnorodno\u015bci\u0105.<\/h4>\n\n\n\n<div class=\"wp-block-cover is-light\" style=\"min-height:330px\"><span aria-hidden=\"true\" class=\"wp-block-cover__background has-background-dim\"><\/span><img decoding=\"async\" loading=\"lazy\" width=\"2560\" height=\"1152\" class=\"wp-block-cover__image-background wp-image-260\" alt=\"\" src=\"https:\/\/przedmiescieolawskie.pl\/wp-content\/uploads\/2021\/07\/cropped-204424033_340690484442359_5534489640145530125_n-scaled-6.jpg\" data-object-fit=\"cover\" srcset=\"https:\/\/przedmiescieolawskie.pl\/wp-content\/uploads\/2021\/07\/cropped-204424033_340690484442359_5534489640145530125_n-scaled-6.jpg 2560w, https:\/\/przedmiescieolawskie.pl\/wp-content\/uploads\/2021\/07\/cropped-204424033_340690484442359_5534489640145530125_n-scaled-6-300x135.jpg 300w, https:\/\/przedmiescieolawskie.pl\/wp-content\/uploads\/2021\/07\/cropped-204424033_340690484442359_5534489640145530125_n-scaled-6-1024x461.jpg 1024w, https:\/\/przedmiescieolawskie.pl\/wp-content\/uploads\/2021\/07\/cropped-204424033_340690484442359_5534489640145530125_n-scaled-6-768x346.jpg 768w, https:\/\/przedmiescieolawskie.pl\/wp-content\/uploads\/2021\/07\/cropped-204424033_340690484442359_5534489640145530125_n-scaled-6-1536x691.jpg 1536w, https:\/\/przedmiescieolawskie.pl\/wp-content\/uploads\/2021\/07\/cropped-204424033_340690484442359_5534489640145530125_n-scaled-6-2048x922.jpg 2048w, https:\/\/przedmiescieolawskie.pl\/wp-content\/uploads\/2021\/07\/cropped-204424033_340690484442359_5534489640145530125_n-scaled-6-1140x513.jpg 1140w\" sizes=\"(max-width: 2560px) 100vw, 2560px\" \/><div class=\"wp-block-cover__inner-container\">\n<p class=\"has-text-align-center has-large-font-size\"><br><br><br><\/p>\n<\/div><\/div>\n\n\n\n<div class=\"wp-block-group is-layout-flow\">\n<div class=\"wp-block-media-text alignwide is-stacked-on-mobile\" style=\"grid-template-columns:30% auto\"><figure class=\"wp-block-media-text__media\"><img decoding=\"async\" loading=\"lazy\" width=\"1024\" height=\"791\" src=\"https:\/\/przedmiescieolawskie.pl\/wp-content\/uploads\/2021\/08\/Blue-Circles-Medical-Hospital-Clinic-Trifold-Brochure-1-1-1024x791.png\" alt=\"\" class=\"wp-image-373 size-full\" srcset=\"https:\/\/przedmiescieolawskie.pl\/wp-content\/uploads\/2021\/08\/Blue-Circles-Medical-Hospital-Clinic-Trifold-Brochure-1-1-1024x791.png 1024w, https:\/\/przedmiescieolawskie.pl\/wp-content\/uploads\/2021\/08\/Blue-Circles-Medical-Hospital-Clinic-Trifold-Brochure-1-1-300x232.png 300w, https:\/\/przedmiescieolawskie.pl\/wp-content\/uploads\/2021\/08\/Blue-Circles-Medical-Hospital-Clinic-Trifold-Brochure-1-1-768x593.png 768w, https:\/\/przedmiescieolawskie.pl\/wp-content\/uploads\/2021\/08\/Blue-Circles-Medical-Hospital-Clinic-Trifold-Brochure-1-1-1536x1187.png 1536w, https:\/\/przedmiescieolawskie.pl\/wp-content\/uploads\/2021\/08\/Blue-Circles-Medical-Hospital-Clinic-Trifold-Brochure-1-1.png 2000w\" sizes=\"(max-width: 1024px) 100vw, 1024px\" \/><\/figure><div class=\"wp-block-media-text__content\">\n<p class=\"has-text-align-center\" style=\"font-size:35px\"><strong>Tw\u00f3rz t\u0119 stron\u0119 razem z nami.<\/strong><\/p>\n\n\n\n<p class=\"has-text-align-center\" style=\"font-size:19px\">Masz jaki\u015b pomys\u0142 na tre\u015b\u0107, kt\u00f3ra mog\u0142aby si\u0119 tutaj znale\u017a\u0107?<br>Skontaktuj si\u0119 z nami i wsp\u00f3\u0142tw\u00f3rz portal osiedlowy.<\/p>\n\n\n\n<h1 class=\"wp-block-heading has-text-align-center\" style=\"font-size:15px\"><strong>liderzy@przedmiescieolawskie.pl<\/strong><\/h1>\n\n\n\n<ul class=\"wp-block-social-links items-justified-center is-style-default is-layout-flex\"><li class=\"wp-social-link wp-social-link-facebook wp-block-social-link\"><a rel=\" noopener nofollow\" target=\"_blank\" href=\"https:\/\/www.facebook.com\/Akademia-Lider%C3%B3w-Przedmie%C5%9Bcia-O%C5%82awskiego-114454217065988\" class=\"wp-block-social-link-anchor\"><svg width=\"24\" height=\"24\" viewBox=\"0 0 24 24\" version=\"1.1\" xmlns=\"http:\/\/www.w3.org\/2000\/svg\" aria-hidden=\"true\" focusable=\"false\"><path d=\"M12 2C6.5 2 2 6.5 2 12c0 5 3.7 9.1 8.4 9.9v-7H7.9V12h2.5V9.8c0-2.5 1.5-3.9 3.8-3.9 1.1 0 2.2.2 2.2.2v2.5h-1.3c-1.2 0-1.6.8-1.6 1.6V12h2.8l-.4 2.9h-2.3v7C18.3 21.1 22 17 22 12c0-5.5-4.5-10-10-10z\"><\/path><\/svg><span class=\"wp-block-social-link-label screen-reader-text\">Facebook<\/span><\/a><\/li>\n\n<li class=\"wp-social-link wp-social-link-instagram wp-block-social-link\"><a rel=\" noopener nofollow\" target=\"_blank\" href=\"https:\/\/www.instagram.com\/liderzy_z_przedmiescia\/\" class=\"wp-block-social-link-anchor\"><svg width=\"24\" height=\"24\" viewBox=\"0 0 24 24\" version=\"1.1\" xmlns=\"http:\/\/www.w3.org\/2000\/svg\" aria-hidden=\"true\" focusable=\"false\"><path d=\"M12,4.622c2.403,0,2.688,0.009,3.637,0.052c0.877,0.04,1.354,0.187,1.671,0.31c0.42,0.163,0.72,0.358,1.035,0.673 c0.315,0.315,0.51,0.615,0.673,1.035c0.123,0.317,0.27,0.794,0.31,1.671c0.043,0.949,0.052,1.234,0.052,3.637 s-0.009,2.688-0.052,3.637c-0.04,0.877-0.187,1.354-0.31,1.671c-0.163,0.42-0.358,0.72-0.673,1.035 c-0.315,0.315-0.615,0.51-1.035,0.673c-0.317,0.123-0.794,0.27-1.671,0.31c-0.949,0.043-1.233,0.052-3.637,0.052 s-2.688-0.009-3.637-0.052c-0.877-0.04-1.354-0.187-1.671-0.31c-0.42-0.163-0.72-0.358-1.035-0.673 c-0.315-0.315-0.51-0.615-0.673-1.035c-0.123-0.317-0.27-0.794-0.31-1.671C4.631,14.688,4.622,14.403,4.622,12 s0.009-2.688,0.052-3.637c0.04-0.877,0.187-1.354,0.31-1.671c0.163-0.42,0.358-0.72,0.673-1.035 c0.315-0.315,0.615-0.51,1.035-0.673c0.317-0.123,0.794-0.27,1.671-0.31C9.312,4.631,9.597,4.622,12,4.622 M12,3 C9.556,3,9.249,3.01,8.289,3.054C7.331,3.098,6.677,3.25,6.105,3.472C5.513,3.702,5.011,4.01,4.511,4.511 c-0.5,0.5-0.808,1.002-1.038,1.594C3.25,6.677,3.098,7.331,3.054,8.289C3.01,9.249,3,9.556,3,12c0,2.444,0.01,2.751,0.054,3.711 c0.044,0.958,0.196,1.612,0.418,2.185c0.23,0.592,0.538,1.094,1.038,1.594c0.5,0.5,1.002,0.808,1.594,1.038 c0.572,0.222,1.227,0.375,2.185,0.418C9.249,20.99,9.556,21,12,21s2.751-0.01,3.711-0.054c0.958-0.044,1.612-0.196,2.185-0.418 c0.592-0.23,1.094-0.538,1.594-1.038c0.5-0.5,0.808-1.002,1.038-1.594c0.222-0.572,0.375-1.227,0.418-2.185 C20.99,14.751,21,14.444,21,12s-0.01-2.751-0.054-3.711c-0.044-0.958-0.196-1.612-0.418-2.185c-0.23-0.592-0.538-1.094-1.038-1.594 c-0.5-0.5-1.002-0.808-1.594-1.038c-0.572-0.222-1.227-0.375-2.185-0.418C14.751,3.01,14.444,3,12,3L12,3z M12,7.378 c-2.552,0-4.622,2.069-4.622,4.622S9.448,16.622,12,16.622s4.622-2.069,4.622-4.622S14.552,7.378,12,7.378z M12,15 c-1.657,0-3-1.343-3-3s1.343-3,3-3s3,1.343,3,3S13.657,15,12,15z M16.804,6.116c-0.596,0-1.08,0.484-1.08,1.08 s0.484,1.08,1.08,1.08c0.596,0,1.08-0.484,1.08-1.08S17.401,6.116,16.804,6.116z\"><\/path><\/svg><span class=\"wp-block-social-link-label screen-reader-text\">Instagram<\/span><\/a><\/li>\n\n<li class=\"wp-social-link wp-social-link-tiktok wp-block-social-link\"><a rel=\" noopener nofollow\" target=\"_blank\" href=\"https:\/\/www.tiktok.com\/@liderzy_z_przedmiescia?_d=secCgYIASAHKAESMgowZVJYDlMI08L6C6XXuHCWbTTkq5xbQTqJyEGmftaH5oZjIFpVkrb9nPXwgC55D4AxGgA%3D&#038;language=pl&#038;sec_uid=MS4wLjABAAAAnbVUFYw_88qMYNqupbpYg8_-j35YzLeY0tigT7jJr8TuKac52SWIt306ovAuvzh5&#038;sec_user_id=MS4wLjABAAAAnbVUFYw_88qMYNqupbpYg8_-j35YzLeY0tigT7jJr8TuKac52SWIt306ovAuvzh5&#038;share_app_id=1233&#038;share_author_id=6976378414295712773&#038;share_link_id=89c95762-416c-4e11-af77-6c1f5b61e258&#038;timestamp=1627141587&#038;u_code=dj7kgad3j74e26&#038;user_id=6976378414295712773&#038;utm_campaign=client_share&#038;utm_medium=android&#038;utm_source=whatsapp&#038;source=h5_m&#038;_r=1\" class=\"wp-block-social-link-anchor\"><svg width=\"24\" height=\"24\" viewBox=\"0 0 32 32\" version=\"1.1\" xmlns=\"http:\/\/www.w3.org\/2000\/svg\" aria-hidden=\"true\" focusable=\"false\"><path d=\"M16.708 0.027c1.745-0.027 3.48-0.011 5.213-0.027 0.105 2.041 0.839 4.12 2.333 5.563 1.491 1.479 3.6 2.156 5.652 2.385v5.369c-1.923-0.063-3.855-0.463-5.6-1.291-0.76-0.344-1.468-0.787-2.161-1.24-0.009 3.896 0.016 7.787-0.025 11.667-0.104 1.864-0.719 3.719-1.803 5.255-1.744 2.557-4.771 4.224-7.88 4.276-1.907 0.109-3.812-0.411-5.437-1.369-2.693-1.588-4.588-4.495-4.864-7.615-0.032-0.667-0.043-1.333-0.016-1.984 0.24-2.537 1.495-4.964 3.443-6.615 2.208-1.923 5.301-2.839 8.197-2.297 0.027 1.975-0.052 3.948-0.052 5.923-1.323-0.428-2.869-0.308-4.025 0.495-0.844 0.547-1.485 1.385-1.819 2.333-0.276 0.676-0.197 1.427-0.181 2.145 0.317 2.188 2.421 4.027 4.667 3.828 1.489-0.016 2.916-0.88 3.692-2.145 0.251-0.443 0.532-0.896 0.547-1.417 0.131-2.385 0.079-4.76 0.095-7.145 0.011-5.375-0.016-10.735 0.025-16.093z\" \/><\/svg><span class=\"wp-block-social-link-label screen-reader-text\">TikTok<\/span><\/a><\/li><\/ul>\n\n\n\n<p><\/p>\n<\/div><\/div>\n\n\n\n<p><\/p>\n<\/div>\n\n\n\n<p><\/p>\n","protected":false},"excerpt":{"rendered":"<p>Wyj\u0105tkowe miejsce na mapie miasta.Osiedle pe\u0142ne kontrast\u00f3w, z bogat\u0105 histori\u0105 i per\u0142ami architektury.Pomimo tego, \u017ce wci\u0105\u017c jest tutaj wiele do zrobienia, Przedmie\u015bcie O\u0142awskie nieustannie magnetyzuje swoj\u0105 r\u00f3\u017cnorodno\u015bci\u0105. Tw\u00f3rz t\u0119 stron\u0119 razem z nami. Masz jaki\u015b pomys\u0142 na tre\u015b\u0107, kt\u00f3ra mog\u0142aby si\u0119 tutaj znale\u017a\u0107?Skontaktuj si\u0119 z nami i wsp\u00f3\u0142tw\u00f3rz portal osiedlowy. liderzy@przedmiescieolawskie.pl<\/p>\n","protected":false},"author":4,"featured_media":369,"parent":0,"menu_order":0,"comment_status":"closed","ping_status":"closed","template":"","meta":{"_mc_calendar":[]},"blocksy_meta":{"styles_descriptor":{"styles":{"desktop":"[data-prefix=\"single_page\"] .entry-header .page-title {--fontSize:32px;} [data-prefix=\"single_page\"] .entry-header .entry-meta {--fontWeight:600;--textTransform:uppercase;--fontSize:12px;--lineHeight:1.3;} [data-prefix=\"single_page\"] {background-color:var(--paletteColor8);background-image:none;}","tablet":"[data-prefix=\"single_page\"] .entry-header .page-title {--fontSize:30px;}","mobile":"[data-prefix=\"single_page\"] .entry-header .page-title {--fontSize:25px;}"},"google_fonts":{"Alegreya Sans SC":["n4","n6"]},"version":5},"page_title_panel":"","has_hero_section":"enabled","d60ce8e23a2895a5c261b8d18c8c2cb9":"","hero_section":"type-1","hero_elements":[{"id":"custom_title","enabled":true,"heading_tag":"h1","title":"Home","__id":"9j0N8__6LM63gULWJ1uFU"},{"id":"custom_description","enabled":true,"description_visibility":{"desktop":true,"tablet":true,"mobile":false},"__id":"RhekVBqKv1HuOXUf-8BAD"},{"id":"custom_meta","enabled":false,"meta_elements":[{"id":"author","enabled":true,"label":"By","has_author_avatar":"yes","avatar_size":25},{"id":"post_date","enabled":true,"label":"On","date_format_source":"default","date_format":"M j, Y"},{"id":"updated_date","enabled":false,"label":"On","date_format_source":"default","date_format":"M j, Y"},{"id":"categories","enabled":false,"label":"In","style":"simple"},{"id":"comments","enabled":true}],"page_meta_elements":{"joined":true,"articles_count":true,"comments":true},"__id":"h5vtfC8T3NvX4WoFm31g5"},{"id":"breadcrumbs","enabled":false,"__id":"CCIs2SVbel8mOKtr-m5ri"}],"7ae3b8df1c1e53cfcb4814a47c3927ce":"","hero_alignment1":"CT_CSS_SKIP_RULE","hero_margin":40,"hero_alignment2":"center","hero_vertical_alignment":"center","55130a1a9eeb756868cf624c4fafc138":"","hero_structure":"narrow","68a0867bb910a5afa0ec2545ba6a7484":"","page_title_bg_type":"featured_image","custom_hero_background":{"attachment_id":null},"parallax":{"desktop":false,"tablet":false,"mobile":false},"95746576c5b67b1b031a9af4533f0772":"","hero_height":"250px","pageTitleFont":{"family":"Default","variation":"Default","size":{"desktop":"32px","tablet":"30px","mobile":"25px"},"line-height":"CT_CSS_SKIP_RULE","letter-spacing":"CT_CSS_SKIP_RULE","text-transform":"CT_CSS_SKIP_RULE","text-decoration":"CT_CSS_SKIP_RULE"},"pageTitleFontColor":{"default":{"color":"CT_CSS_SKIP_RULEDEFAULT"}},"pageMetaFont":{"family":"Default","variation":"n6","size":"12px","line-height":"1.3","letter-spacing":"CT_CSS_SKIP_RULE","text-transform":"uppercase","text-decoration":"CT_CSS_SKIP_RULE"},"pageMetaFontColor":{"default":{"color":"CT_CSS_SKIP_RULEDEFAULT"},"hover":{"color":"CT_CSS_SKIP_RULEDEFAULT"}},"page_meta_button_type_font_colors":{"default":{"color":"CT_CSS_SKIP_RULEDEFAULT"},"hover":{"color":"CT_CSS_SKIP_RULEDEFAULT"}},"page_meta_button_type_background_colors":{"default":{"color":"CT_CSS_SKIP_RULEDEFAULT"},"hover":{"color":"CT_CSS_SKIP_RULEDEFAULT"}},"pageExcerptFont":{"family":"Default","variation":"Default","size":"CT_CSS_SKIP_RULE","line-height":"CT_CSS_SKIP_RULE","letter-spacing":"CT_CSS_SKIP_RULE","text-transform":"CT_CSS_SKIP_RULE","text-decoration":"CT_CSS_SKIP_RULE"},"pageExcerptColor":{"default":{"color":"CT_CSS_SKIP_RULEDEFAULT"}},"breadcrumbsFont":{"family":"Default","variation":"Default","size":"CT_CSS_SKIP_RULE","line-height":"CT_CSS_SKIP_RULE","letter-spacing":"CT_CSS_SKIP_RULE","text-transform":"CT_CSS_SKIP_RULE","text-decoration":"CT_CSS_SKIP_RULE"},"breadcrumbsFontColor":{"default":{"color":"CT_CSS_SKIP_RULEDEFAULT"},"initial":{"color":"CT_CSS_SKIP_RULEDEFAULT"},"hover":{"color":"CT_CSS_SKIP_RULEDEFAULT"}},"pageTitleOverlay":{"default":{"color":"CT_CSS_SKIP_RULE"}},"pageTitleBackground":{"background_type":"color","background_pattern":"type-1","background_image":{"attachment_id":null,"x":0,"y":0},"gradient":"linear-gradient(135deg,rgba(6,147,227,1) 0%,rgb(155,81,224) 100%)","background_repeat":"no-repeat","background_size":"auto","background_attachment":"scroll","patternColor":{"default":{"color":"#e5e7ea"}},"overlayColor":{"default":{"color":"CT_CSS_SKIP_RULE"}},"backgroundColor":{"default":{"color":"var(--paletteColor6)"}}},"pageTitlePadding":{"top":"50px","bottom":"50px","left":"auto","right":"auto","linked":true},"234dda41d82ce6626a61593919ae1f11":"","page_structure_type":"default","8161329410ce464cb479aa46f9af8ab3":"","content_style_source":"inherit","content_style":"wide","vertical_spacing_source":"inherit","content_area_spacing":"none","background":{"desktop":{"background_type":"color","background_pattern":"type-2","background_image":{"attachment_id":260,"x":"0.21","y":"0.57","url":"https:\/\/przedmiescieolawskie.pl\/wp-content\/uploads\/2021\/07\/cropped-204424033_340690484442359_5534489640145530125_n-scaled-6-1024x461.jpg"},"gradient":"radial-gradient(#e14fad 0%,#f9d423 100%)","background_repeat":"no-repeat","background_size":"auto","background_attachment":"scroll","patternColor":{"default":{"color":"#e5e7ea"}},"overlayColor":{"default":{"color":"CT_CSS_SKIP_RULE"}},"backgroundColor":{"default":{"color":"var(--paletteColor8)"}}},"tablet":{"background_type":"color","background_pattern":"type-2","background_image":{"attachment_id":260,"x":"0.21","y":"0.57","url":"https:\/\/przedmiescieolawskie.pl\/wp-content\/uploads\/2021\/07\/cropped-204424033_340690484442359_5534489640145530125_n-scaled-6-1024x461.jpg"},"gradient":"radial-gradient(#e14fad 0%,#f9d423 100%)","background_repeat":"no-repeat","background_size":"auto","background_attachment":"scroll","patternColor":{"default":{"color":"#e5e7ea"}},"overlayColor":{"default":{"color":"CT_CSS_SKIP_RULE"}},"backgroundColor":{"default":{"color":"var(--paletteColor8)"}}},"mobile":{"background_type":"color","background_pattern":"type-2","background_image":{"attachment_id":260,"x":"0.21","y":"0.57","url":"https:\/\/przedmiescieolawskie.pl\/wp-content\/uploads\/2021\/07\/cropped-204424033_340690484442359_5534489640145530125_n-scaled-6-1024x461.jpg"},"gradient":"radial-gradient(#e14fad 0%,#f9d423 100%)","background_repeat":"no-repeat","background_size":"auto","background_attachment":"scroll","patternColor":{"default":{"color":"#e5e7ea"}},"overlayColor":{"default":{"color":"CT_CSS_SKIP_RULE"}},"backgroundColor":{"default":{"color":"var(--paletteColor8)"}}},"__changed":[]},"content_background":{"background_type":"color","background_pattern":"type-1","background_image":{"attachment_id":null,"x":0,"y":0},"gradient":"linear-gradient(135deg,rgba(6,147,227,1) 0%,rgb(155,81,224) 100%)","background_repeat":"no-repeat","background_size":"auto","background_attachment":"scroll","patternColor":{"default":{"color":"#e5e7ea"}},"overlayColor":{"default":{"color":"CT_CSS_SKIP_RULE"}},"backgroundColor":{"default":{"color":"var(--paletteColor8)"}}},"content_boxed_shadow":{"inherit":false,"blur":18,"spread":-6,"v_offset":12,"h_offset":0,"inset":false,"enable":true,"color":{"color":"rgba(34, 56, 101, 0.04)"}},"boxed_content_spacing":{"desktop":{"top":"40px","bottom":"40px","left":"40px","right":"40px","linked":true},"tablet":{"top":"35px","bottom":"35px","left":"35px","right":"35px","linked":true},"mobile":{"top":"20px","bottom":"20px","left":"20px","right":"20px","linked":true}},"content_boxed_radius":{"top":"3px","bottom":"3px","left":"3px","right":"3px","linked":true},"5070ff1a526600e08a6b435568acec88":"","disable_featured_image":"yes","disable_header":"no","disable_footer":"no","47105d387e3f4739d3a2d154f58a8ad9":"","31ccc653b36dd214457f358373d6f6ad":"","a59cc41a83be9ccd7b541ef63c40649e":"","69355e430a729bf182d43a3c74c28ff6":"","20d30f4a6100fc9f909d34bf8fab7f55":"","9aa8f3a0c0d7509e4ff42a029d889eb9":"","7c15444f4d83b66328b2c4e65e0a5954":"","ea1b23acb88e349bd11147f799a004f4":"","30deb0831a8d8f02ef913816056e4fd0":"","5a14b345b57140da03947c036be0563f":"","495991b9ab081b2def86b983944731c7":"","08049393dd16a4310f32fc44f2df1b7d":"","86fec1c080bcaf55d862be7751e7f309":"","7517dc96f6938b290192bf9146d58732":"","a178f590f2c34ad1225910cbb01f4208":"","e872a8fd4c62f47504eae0fad51e5c86":"","632412f5a097c6fdd9e1362351c74012":"","b61b138e0a538f227601b17c273ce7d1":"","19c8237fd21ead614a03d1353e8bb8e8":"","60924740199a05df0b180d0182d50c1c":"","fd5dc6cdfe6fa635cdb4f047da7cebbd":"","0d5dd891366467f472e095e421da3237":"","51fff068dd15c624dc64d2a9875984f3":"","b905bf95c27c2ede157a71cd67b7918b":""},"_links":{"self":[{"href":"https:\/\/przedmiescieolawskie.pl\/index.php?rest_route=\/wp\/v2\/pages\/303"}],"collection":[{"href":"https:\/\/przedmiescieolawskie.pl\/index.php?rest_route=\/wp\/v2\/pages"}],"about":[{"href":"https:\/\/przedmiescieolawskie.pl\/index.php?rest_route=\/wp\/v2\/types\/page"}],"author":[{"embeddable":true,"href":"https:\/\/przedmiescieolawskie.pl\/index.php?rest_route=\/wp\/v2\/users\/4"}],"replies":[{"embeddable":true,"href":"https:\/\/przedmiescieolawskie.pl\/index.php?rest_route=%2Fwp%2Fv2%2Fcomments&post=303"}],"version-history":[{"count":36,"href":"https:\/\/przedmiescieolawskie.pl\/index.php?rest_route=\/wp\/v2\/pages\/303\/revisions"}],"predecessor-version":[{"id":668,"href":"https:\/\/przedmiescieolawskie.pl\/index.php?rest_route=\/wp\/v2\/pages\/303\/revisions\/668"}],"wp:featuredmedia":[{"embeddable":true,"href":"https:\/\/przedmiescieolawskie.pl\/index.php?rest_route=\/wp\/v2\/media\/369"}],"wp:attachment":[{"href":"https:\/\/przedmiescieolawskie.pl\/index.php?rest_route=%2Fwp%2Fv2%2Fmedia&parent=303"}],"curies":[{"name":"wp","href":"https:\/\/api.w.org\/{rel}","templated":true}]}}